{"id":7,"date":"2021-11-24T19:52:06","date_gmt":"2021-11-24T18:52:06","guid":{"rendered":"https:\/\/michelecrevecoeur.ch\/?page_id=7"},"modified":"2024-07-17T10:10:32","modified_gmt":"2024-07-17T08:10:32","slug":"home","status":"publish","type":"page","link":"https:\/\/michelecrevecoeur.ch\/","title":{"rendered":"Home"},"content":{"rendered":"\t\t<div data-elementor-type=\"wp-page\" data-elementor-id=\"7\" class=\"elementor elementor-7\">\n\t\t\t\t\t\t<section class=\"elementor-section elementor-top-section elementor-element elementor-element-bf8633a elementor-section-full_width elementor-section-height-default elementor-section-height-default\" data-id=\"bf8633a\" data-element_type=\"section\" data-e-type=\"section\">\n\t\t\t\t\t\t<div class=\"elementor-container elementor-column-gap-default\">\n\t\t\t\t\t<div class=\"elementor-column elementor-col-100 elementor-top-column elementor-element elementor-element-58e3323\" data-id=\"58e3323\" data-element_type=\"column\" data-e-type=\"column\">\n\t\t\t<div class=\"elementor-widget-wrap elementor-element-populated\">\n\t\t\t\t\t\t<div class=\"elementor-element elementor-element-b14856a elementor-widget elementor-widget-image\" data-id=\"b14856a\" data-element_type=\"widget\" data-e-type=\"widget\" data-widget_type=\"image.default\">\n\t\t\t\t<div class=\"elementor-widget-container\">\n\t\t\t\t\t\t\t\t\t\t\t\t\t\t\t<img decoding=\"async\" src=\"https:\/\/www.unige.ch\/sciences\/biologie\/bioveg\/crevecoeur\/files\/cache\/8e19911704093b8cb841dc92bd81b01c_f663.jpg\" title=\"\" alt=\"\" loading=\"lazy\" \/>\t\t\t\t\t\t\t\t\t\t\t\t\t\t\t<\/div>\n\t\t\t\t<\/div>\n\t\t\t\t\t<\/div>\n\t\t<\/div>\n\t\t\t\t\t<\/div>\n\t\t<\/section>\n\t\t\t\t<section class=\"elementor-section elementor-top-section elementor-element elementor-element-eefb435 elementor-section-boxed elementor-section-height-default elementor-section-height-default\" data-id=\"eefb435\" data-element_type=\"section\" data-e-type=\"section\">\n\t\t\t\t\t\t<div class=\"elementor-container elementor-column-gap-default\">\n\t\t\t\t\t<div class=\"elementor-column elementor-col-100 elementor-top-column elementor-element elementor-element-2c5c97d\" data-id=\"2c5c97d\" data-element_type=\"column\" data-e-type=\"column\">\n\t\t\t<div class=\"elementor-widget-wrap elementor-element-populated\">\n\t\t\t\t\t\t<div class=\"elementor-element elementor-element-138a9fa elementor-widget elementor-widget-text-editor\" data-id=\"138a9fa\" data-element_type=\"widget\" data-e-type=\"widget\" data-widget_type=\"text-editor.default\">\n\t\t\t\t<div class=\"elementor-widget-container\">\n\t\t\t\t\t\t\t\t\t<div class=\"bodyAccueilGauche\"><h5 style=\"text-align: center;\"><span style=\"color: #003366;\"><strong><em>Welcome to Mich\u00e8le Cr\u00e8vecoeur&rsquo;s website dedicated to \u00ab\u00a0plant microscopy\u00a0\u00bb <\/em><\/strong><\/span><\/h5><p><strong><em><img decoding=\"async\" class=\"alignright\" src=\"https:\/\/www.unige.ch\/sciences\/biologie\/bioveg\/crevecoeur\/files\/cache\/1cd618a15f94be697c4d1288994b9346_f295.jpg\" alt=\"Ma photo 1.jpg\" width=\"150\" height=\"178\" \/><\/em><\/strong><span style=\"color: #000000;\">Passionate about microscopy applied to plant study, I present on this website micrographs made with different types of <a href=\"https:\/\/michelecrevecoeur.ch\/?page_id=207\">microscopes<\/a> as well as protocols for preparing samples to be examined under a microscope in my areas of <a href=\"https:\/\/michelecrevecoeur.ch\/?page_id=125\">expertise<\/a>. The micrographs presented on this site are the results of my experience in these fields since 1975 and\u00a0<span style=\"color: #003366;\"><strong>specifically the plant world<\/strong><\/span>. You will find them in the menu option:\u00a0<a href=\"https:\/\/michelecrevecoeur.ch\/?page_id=117\">Research<\/a>, <a href=\"https:\/\/michelecrevecoeur.ch\/?page_id=207\">Microscopy,<\/a> <a href=\"https:\/\/michelecrevecoeur.ch\/?page_id=136\">Anatomy<\/a>, <a href=\"https:\/\/michelecrevecoeur.ch\/?page_id=147\">Tissues<\/a> and Protocols. Some micrographs can be found in two different places (anatomy and tissues or anatomy and research &#8230;.) and some of them can be found in publications available or not online.<\/span><br \/><span style=\"color: #000000;\">On this site you will also find information about my teaching activities: a list of courses for which I was responsible or co-responsible at the University of Geneva until 2013 as a lecturer, as well as a pdf document which lists the courses, I taught from 1975 to 2010, first in Belgium (University of Li\u00e8ge) and then in Switzerland (Universities of Geneva and Lausanne).<\/span><br \/><span style=\"color: #000000;\">A description of my\u00a0<a href=\"https:\/\/michelecrevecoeur.ch\/?page_id=117\">research activities<\/a>\u00a0as a biologist specializing in microscopy at the Department of Botany and Plant Biology of the University of Geneva and an overview of my <a href=\"https:\/\/michelecrevecoeur.ch\/?page_id=125\">skills<\/a> and list of my <a href=\"https:\/\/michelecrevecoeur.ch\/?page_id=172\">scientific publications<\/a> are also presented on this site.<\/span><\/p><p><span style=\"color: #000000;\">From my 3rd year of scientific training at the University of Li\u00e8ge in Belgium, I was drawn to microscopy and cytology. My master&rsquo;s thesis and doctorate both defended at this university at the Botanical Institute allowed me to achieve this passion. From 1988 I continued in this path at the University of Geneva. Then in 2003, following a change in my professional status, I set up the \u00ab\u00a0<span style=\"color: #003366;\"><strong>Plant Histology and Cytology Unit<\/strong><\/span>\u00a0\u00bb in the Department of Plant Botany and Biology of this University. The unit offered researchers from different research groups of this department responses to their request by proposing very diverse methods of preparing plant samples, making sections and observations with different types of microscopes, photonics, fluorescence, confocal and electronic (see <a href=\"https:\/\/michelecrevecoeur.ch\/?page_id=125\">Skills<\/a> and <a href=\"https:\/\/michelecrevecoeur.ch\/?page_id=207\">Microscopy<\/a>). It also aimed to develop new techniques and approaches according to the researchers needs, to participate in the choice of equipment specific to histology and microscopy within this department and to maintain a collection of anatomical sections in organs, vegetative and floral, of very diverse angiosperms. From 2003, I was helped by Mrs Anne Utz laboratory assistant (25% then 50%), by the many technician apprentices in training and by research and teaching assistants in my laboratory. Students from outside the University of Geneva also came to carry out training courses in my laboratory, among others Mrs Nathalie Jolien within the framework of \u00ab\u00a0Science calls for young people\u00a0\u00bb; Mr Fran\u00e7ois-Xavier Michoud &#8211; from the National School of Agronomic Training in Toulouse; Mrs Claire PARENT and Mrs Claire Depardieu &#8211; Doctoral students from the University of Franche Comt\u00e9 (Besan\u00e7on &#8211; France).<\/span><br \/><span style=\"color: #000000;\">For more information, please refer to the document: \u00abResearch framework from 2000 to 2013&Prime;.<\/span><\/p><\/div><p style=\"text-align: center;\"><strong><em><span style=\"color: #003366;\">Terms of use of this site and its content.<\/span><br \/><\/em><\/strong><\/p><p align=\"justify\"><span style=\"color: #000000;\"><em>The content of this site is protected by international copyright laws and conventions.<br \/><span style=\"text-decoration: underline;\">Photo credit\u00a0:<\/span>\u00a0Mich\u00e8le Cr\u00e8vecoeur &#8211; unige &#8211; CH<br \/>Micrographs presented on this site can be made available on request.<\/em><\/span><\/p><p><span style=\"color: #003366;\"><strong><em><span style=\"text-decoration: underline;\">Site reference\u00a0:<\/span> Mich\u00e8le Cr\u00e8vecoeur\u00a0&#8211; Plant microscopy.<\/em><\/strong><\/span><\/p><p style=\"text-align: center;\"><span style=\"color: #003366;\"><em><strong>Date of last update &amp; new pages are indicated below.<\/strong><\/em><\/span><\/p>\t\t\t\t\t\t\t\t<\/div>\n\t\t\t\t<\/div>\n\t\t\t\t\t<\/div>\n\t\t<\/div>\n\t\t\t\t\t<\/div>\n\t\t<\/section>\n\t\t\t\t<\/div>\n\t\t","protected":false},"excerpt":{"rendered":"<p>Welcome to Mich\u00e8le Cr\u00e8vecoeur&rsquo;s website dedicated to \u00ab\u00a0plant microscopy\u00a0\u00bb Passionate about microscopy applied to plant study, I present on this website micrographs made with different types of microscopes as well as protocols for preparing samples to be examined under a microscope in my areas of expertise. The micrographs presented on this site are the results [&hellip;]<\/p>\n","protected":false},"author":2,"featured_media":6,"parent":0,"menu_order":0,"comment_status":"closed","ping_status":"closed","template":"","meta":{"site-sidebar-layout":"no-sidebar","site-content-layout":"page-builder","ast-site-content-layout":"full-width-container","site-content-style":"unboxed","site-sidebar-style":"unboxed","ast-global-header-display":"","ast-banner-title-visibility":"","ast-main-header-display":"","ast-hfb-above-header-display":"","ast-hfb-below-header-display":"","ast-hfb-mobile-header-display":"","site-post-title":"disabled","ast-breadcrumbs-content":"","ast-featured-img":"disabled","footer-sml-layout":"","ast-disable-related-posts":"","theme-transparent-header-meta":"","adv-header-id-meta":"","stick-header-meta":"","header-above-stick-meta":"","header-main-stick-meta":"","header-below-stick-meta":"","astra-migrate-meta-layouts":"set","ast-page-background-enabled":"default","ast-page-background-meta":{"desktop":{"background-color":"var(--ast-global-color-4)","background-image":"","background-repeat":"repeat","background-position":"center center","background-size":"auto","background-attachment":"scroll","background-type":"","background-media":"","overlay-type":"","overlay-color":"","overlay-opacity":"","overlay-gradient":""},"tablet":{"background-color":"","background-image":"","background-repeat":"repeat","background-position":"center center","background-size":"auto","background-attachment":"scroll","background-type":"","background-media":"","overlay-type":"","overlay-color":"","overlay-opacity":"","overlay-gradient":""},"mobile":{"background-color":"","background-image":"","background-repeat":"repeat","background-position":"center center","background-size":"auto","background-attachment":"scroll","background-type":"","background-media":"","overlay-type":"","overlay-color":"","overlay-opacity":"","overlay-gradient":""}},"ast-content-background-meta":{"desktop":{"background-color":"var(--ast-global-color-5)","background-image":"","background-repeat":"repeat","background-position":"center center","background-size":"auto","background-attachment":"scroll","background-type":"","background-media":"","overlay-type":"","overlay-color":"","overlay-opacity":"","overlay-gradient":""},"tablet":{"background-color":"var(--ast-global-color-5)","background-image":"","background-repeat":"repeat","background-position":"center center","background-size":"auto","background-attachment":"scroll","background-type":"","background-media":"","overlay-type":"","overlay-color":"","overlay-opacity":"","overlay-gradient":""},"mobile":{"background-color":"var(--ast-global-color-5)","background-image":"","background-repeat":"repeat","background-position":"center center","background-size":"auto","background-attachment":"scroll","background-type":"","background-media":"","overlay-type":"","overlay-color":"","overlay-opacity":"","overlay-gradient":""}},"footnotes":""},"class_list":["post-7","page","type-page","status-publish","has-post-thumbnail","hentry"],"yoast_head":"<!-- This site is optimized with the Yoast SEO plugin v27.2 - https:\/\/yoast.com\/product\/yoast-seo-wordpress\/ -->\n<title>Home - Mich\u00e8le Cr\u00e8vecoeur<\/title>\n<meta name=\"description\" content=\"Mich\u00e8le Cr\u00e8vecoeur&#039;s website. Plant microscopy informations and work from my years as a teacher at Geneva University.\" \/>\n<meta name=\"robots\" content=\"index, follow, max-snippet:-1, max-image-preview:large, max-video-preview:-1\" \/>\n<link rel=\"canonical\" href=\"https:\/\/michelecrevecoeur.ch\/\" \/>\n<meta property=\"og:locale\" content=\"fr_FR\" \/>\n<meta property=\"og:type\" content=\"article\" \/>\n<meta property=\"og:title\" content=\"Home - Mich\u00e8le Cr\u00e8vecoeur\" \/>\n<meta property=\"og:description\" content=\"Mich\u00e8le Cr\u00e8vecoeur&#039;s website. Plant microscopy informations and work from my years as a teacher at Geneva University.\" \/>\n<meta property=\"og:url\" content=\"https:\/\/michelecrevecoeur.ch\/\" \/>\n<meta property=\"og:site_name\" content=\"Mich\u00e8le Cr\u00e8vecoeur\" \/>\n<meta property=\"article:modified_time\" content=\"2024-07-17T08:10:32+00:00\" \/>\n<meta property=\"og:image\" content=\"https:\/\/michelecrevecoeur.ch\/wp-content\/uploads\/2021\/11\/2020-landscape-1.png\" \/>\n\t<meta property=\"og:image:width\" content=\"1200\" \/>\n\t<meta property=\"og:image:height\" content=\"769\" \/>\n\t<meta property=\"og:image:type\" content=\"image\/png\" \/>\n<meta name=\"twitter:card\" content=\"summary_large_image\" \/>\n<meta name=\"twitter:label1\" content=\"Dur\u00e9e de lecture estim\u00e9e\" \/>\n\t<meta name=\"twitter:data1\" content=\"4 minutes\" \/>\n<script type=\"application\/ld+json\" class=\"yoast-schema-graph\">{\"@context\":\"https:\/\/schema.org\",\"@graph\":[{\"@type\":\"WebPage\",\"@id\":\"https:\/\/michelecrevecoeur.ch\/\",\"url\":\"https:\/\/michelecrevecoeur.ch\/\",\"name\":\"Home - Mich\u00e8le Cr\u00e8vecoeur\",\"isPartOf\":{\"@id\":\"https:\/\/michelecrevecoeur.ch\/#website\"},\"primaryImageOfPage\":{\"@id\":\"https:\/\/michelecrevecoeur.ch\/#primaryimage\"},\"image\":{\"@id\":\"https:\/\/michelecrevecoeur.ch\/#primaryimage\"},\"thumbnailUrl\":\"https:\/\/michelecrevecoeur.ch\/wp-content\/uploads\/2021\/11\/2020-landscape-1.png\",\"datePublished\":\"2021-11-24T18:52:06+00:00\",\"dateModified\":\"2024-07-17T08:10:32+00:00\",\"description\":\"Mich\u00e8le Cr\u00e8vecoeur's website. Plant microscopy informations and work from my years as a teacher at Geneva University.\",\"breadcrumb\":{\"@id\":\"https:\/\/michelecrevecoeur.ch\/#breadcrumb\"},\"inLanguage\":\"fr-FR\",\"potentialAction\":[{\"@type\":\"ReadAction\",\"target\":[\"https:\/\/michelecrevecoeur.ch\/\"]}]},{\"@type\":\"ImageObject\",\"inLanguage\":\"fr-FR\",\"@id\":\"https:\/\/michelecrevecoeur.ch\/#primaryimage\",\"url\":\"https:\/\/michelecrevecoeur.ch\/wp-content\/uploads\/2021\/11\/2020-landscape-1.png\",\"contentUrl\":\"https:\/\/michelecrevecoeur.ch\/wp-content\/uploads\/2021\/11\/2020-landscape-1.png\",\"width\":1200,\"height\":769},{\"@type\":\"BreadcrumbList\",\"@id\":\"https:\/\/michelecrevecoeur.ch\/#breadcrumb\",\"itemListElement\":[{\"@type\":\"ListItem\",\"position\":1,\"name\":\"Accueil\",\"item\":\"https:\/\/michelecrevecoeur.ch\/\"},{\"@type\":\"ListItem\",\"position\":2,\"name\":\"Home\"}]},{\"@type\":\"WebSite\",\"@id\":\"https:\/\/michelecrevecoeur.ch\/#website\",\"url\":\"https:\/\/michelecrevecoeur.ch\/\",\"name\":\"Mich\u00e8le Cr\u00e8vecoeur\",\"description\":\"Plant Microscopy\",\"publisher\":{\"@id\":\"https:\/\/michelecrevecoeur.ch\/#\/schema\/person\/dfdf9ef4c6d746dfdecdceb6e2986d66\"},\"potentialAction\":[{\"@type\":\"SearchAction\",\"target\":{\"@type\":\"EntryPoint\",\"urlTemplate\":\"https:\/\/michelecrevecoeur.ch\/?s={search_term_string}\"},\"query-input\":{\"@type\":\"PropertyValueSpecification\",\"valueRequired\":true,\"valueName\":\"search_term_string\"}}],\"inLanguage\":\"fr-FR\"},{\"@type\":[\"Person\",\"Organization\"],\"@id\":\"https:\/\/michelecrevecoeur.ch\/#\/schema\/person\/dfdf9ef4c6d746dfdecdceb6e2986d66\",\"name\":\"Mich\u00e8le\",\"image\":{\"@type\":\"ImageObject\",\"inLanguage\":\"fr-FR\",\"@id\":\"https:\/\/secure.gravatar.com\/avatar\/5ad72d9990ca501b7348a22de838f81a21f31163f3372e910adcb88b005c4cca?s=96&d=mm&r=g\",\"url\":\"https:\/\/secure.gravatar.com\/avatar\/5ad72d9990ca501b7348a22de838f81a21f31163f3372e910adcb88b005c4cca?s=96&d=mm&r=g\",\"contentUrl\":\"https:\/\/secure.gravatar.com\/avatar\/5ad72d9990ca501b7348a22de838f81a21f31163f3372e910adcb88b005c4cca?s=96&d=mm&r=g\",\"caption\":\"Mich\u00e8le\"},\"logo\":{\"@id\":\"https:\/\/secure.gravatar.com\/avatar\/5ad72d9990ca501b7348a22de838f81a21f31163f3372e910adcb88b005c4cca?s=96&d=mm&r=g\"},\"sameAs\":[\"http:\/\/michelecrevecoeur.ch\"]}]}<\/script>\n<!-- \/ Yoast SEO plugin. -->","yoast_head_json":{"title":"Home - Mich\u00e8le Cr\u00e8vecoeur","description":"Mich\u00e8le Cr\u00e8vecoeur's website. Plant microscopy informations and work from my years as a teacher at Geneva University.","robots":{"index":"index","follow":"follow","max-snippet":"max-snippet:-1","max-image-preview":"max-image-preview:large","max-video-preview":"max-video-preview:-1"},"canonical":"https:\/\/michelecrevecoeur.ch\/","og_locale":"fr_FR","og_type":"article","og_title":"Home - Mich\u00e8le Cr\u00e8vecoeur","og_description":"Mich\u00e8le Cr\u00e8vecoeur's website. Plant microscopy informations and work from my years as a teacher at Geneva University.","og_url":"https:\/\/michelecrevecoeur.ch\/","og_site_name":"Mich\u00e8le Cr\u00e8vecoeur","article_modified_time":"2024-07-17T08:10:32+00:00","og_image":[{"width":1200,"height":769,"url":"https:\/\/michelecrevecoeur.ch\/wp-content\/uploads\/2021\/11\/2020-landscape-1.png","type":"image\/png"}],"twitter_card":"summary_large_image","twitter_misc":{"Dur\u00e9e de lecture estim\u00e9e":"4 minutes"},"schema":{"@context":"https:\/\/schema.org","@graph":[{"@type":"WebPage","@id":"https:\/\/michelecrevecoeur.ch\/","url":"https:\/\/michelecrevecoeur.ch\/","name":"Home - Mich\u00e8le Cr\u00e8vecoeur","isPartOf":{"@id":"https:\/\/michelecrevecoeur.ch\/#website"},"primaryImageOfPage":{"@id":"https:\/\/michelecrevecoeur.ch\/#primaryimage"},"image":{"@id":"https:\/\/michelecrevecoeur.ch\/#primaryimage"},"thumbnailUrl":"https:\/\/michelecrevecoeur.ch\/wp-content\/uploads\/2021\/11\/2020-landscape-1.png","datePublished":"2021-11-24T18:52:06+00:00","dateModified":"2024-07-17T08:10:32+00:00","description":"Mich\u00e8le Cr\u00e8vecoeur's website. Plant microscopy informations and work from my years as a teacher at Geneva University.","breadcrumb":{"@id":"https:\/\/michelecrevecoeur.ch\/#breadcrumb"},"inLanguage":"fr-FR","potentialAction":[{"@type":"ReadAction","target":["https:\/\/michelecrevecoeur.ch\/"]}]},{"@type":"ImageObject","inLanguage":"fr-FR","@id":"https:\/\/michelecrevecoeur.ch\/#primaryimage","url":"https:\/\/michelecrevecoeur.ch\/wp-content\/uploads\/2021\/11\/2020-landscape-1.png","contentUrl":"https:\/\/michelecrevecoeur.ch\/wp-content\/uploads\/2021\/11\/2020-landscape-1.png","width":1200,"height":769},{"@type":"BreadcrumbList","@id":"https:\/\/michelecrevecoeur.ch\/#breadcrumb","itemListElement":[{"@type":"ListItem","position":1,"name":"Accueil","item":"https:\/\/michelecrevecoeur.ch\/"},{"@type":"ListItem","position":2,"name":"Home"}]},{"@type":"WebSite","@id":"https:\/\/michelecrevecoeur.ch\/#website","url":"https:\/\/michelecrevecoeur.ch\/","name":"Mich\u00e8le Cr\u00e8vecoeur","description":"Plant Microscopy","publisher":{"@id":"https:\/\/michelecrevecoeur.ch\/#\/schema\/person\/dfdf9ef4c6d746dfdecdceb6e2986d66"},"potentialAction":[{"@type":"SearchAction","target":{"@type":"EntryPoint","urlTemplate":"https:\/\/michelecrevecoeur.ch\/?s={search_term_string}"},"query-input":{"@type":"PropertyValueSpecification","valueRequired":true,"valueName":"search_term_string"}}],"inLanguage":"fr-FR"},{"@type":["Person","Organization"],"@id":"https:\/\/michelecrevecoeur.ch\/#\/schema\/person\/dfdf9ef4c6d746dfdecdceb6e2986d66","name":"Mich\u00e8le","image":{"@type":"ImageObject","inLanguage":"fr-FR","@id":"https:\/\/secure.gravatar.com\/avatar\/5ad72d9990ca501b7348a22de838f81a21f31163f3372e910adcb88b005c4cca?s=96&d=mm&r=g","url":"https:\/\/secure.gravatar.com\/avatar\/5ad72d9990ca501b7348a22de838f81a21f31163f3372e910adcb88b005c4cca?s=96&d=mm&r=g","contentUrl":"https:\/\/secure.gravatar.com\/avatar\/5ad72d9990ca501b7348a22de838f81a21f31163f3372e910adcb88b005c4cca?s=96&d=mm&r=g","caption":"Mich\u00e8le"},"logo":{"@id":"https:\/\/secure.gravatar.com\/avatar\/5ad72d9990ca501b7348a22de838f81a21f31163f3372e910adcb88b005c4cca?s=96&d=mm&r=g"},"sameAs":["http:\/\/michelecrevecoeur.ch"]}]}},"_links":{"self":[{"href":"https:\/\/michelecrevecoeur.ch\/index.php?rest_route=\/wp\/v2\/pages\/7","targetHints":{"allow":["GET"]}}],"collection":[{"href":"https:\/\/michelecrevecoeur.ch\/index.php?rest_route=\/wp\/v2\/pages"}],"about":[{"href":"https:\/\/michelecrevecoeur.ch\/index.php?rest_route=\/wp\/v2\/types\/page"}],"author":[{"embeddable":true,"href":"https:\/\/michelecrevecoeur.ch\/index.php?rest_route=\/wp\/v2\/users\/2"}],"replies":[{"embeddable":true,"href":"https:\/\/michelecrevecoeur.ch\/index.php?rest_route=%2Fwp%2Fv2%2Fcomments&post=7"}],"version-history":[{"count":62,"href":"https:\/\/michelecrevecoeur.ch\/index.php?rest_route=\/wp\/v2\/pages\/7\/revisions"}],"predecessor-version":[{"id":3819,"href":"https:\/\/michelecrevecoeur.ch\/index.php?rest_route=\/wp\/v2\/pages\/7\/revisions\/3819"}],"wp:featuredmedia":[{"embeddable":true,"href":"https:\/\/michelecrevecoeur.ch\/index.php?rest_route=\/wp\/v2\/media\/6"}],"wp:attachment":[{"href":"https:\/\/michelecrevecoeur.ch\/index.php?rest_route=%2Fwp%2Fv2%2Fmedia&parent=7"}],"curies":[{"name":"wp","href":"https:\/\/api.w.org\/{rel}","templated":true}]}}