{"id":616,"date":"2022-01-01T14:59:05","date_gmt":"2022-01-01T13:59:05","guid":{"rendered":"https:\/\/michelecrevecoeur.ch\/?page_id=616"},"modified":"2022-01-01T15:00:12","modified_gmt":"2022-01-01T14:00:12","slug":"in-vivo-detection-of-h2o2","status":"publish","type":"page","link":"https:\/\/michelecrevecoeur.ch\/?page_id=616","title":{"rendered":"In vivo detection of H2O2"},"content":{"rendered":"\t\t<div data-elementor-type=\"wp-page\" data-elementor-id=\"616\" class=\"elementor elementor-616\">\n\t\t\t\t\t\t<section class=\"elementor-section elementor-top-section elementor-element elementor-element-7d089776 elementor-section-boxed elementor-section-height-default elementor-section-height-default\" data-id=\"7d089776\" data-element_type=\"section\" data-e-type=\"section\">\n\t\t\t\t\t\t<div class=\"elementor-container elementor-column-gap-default\">\n\t\t\t\t\t<div class=\"elementor-column elementor-col-100 elementor-top-column elementor-element elementor-element-68f521ff\" data-id=\"68f521ff\" data-element_type=\"column\" data-e-type=\"column\">\n\t\t\t<div class=\"elementor-widget-wrap elementor-element-populated\">\n\t\t\t\t\t\t<div class=\"elementor-element elementor-element-3978a283 elementor-widget elementor-widget-text-editor\" data-id=\"3978a283\" data-element_type=\"widget\" data-e-type=\"widget\" data-widget_type=\"text-editor.default\">\n\t\t\t\t<div class=\"elementor-widget-container\">\n\t\t\t\t\t\t\t\t\t<p style=\"text-align: center;\"><span style=\"font-family: arial; font-size: medium; text-align: center; color: #000080;\"><strong>\u00a0<em>In vivo\u00a0<\/em><\/strong><\/span><strong style=\"font-family: arial; font-size: medium; text-align: center; color: #000080;\">detection of\u00a0<\/strong><strong style=\"font-family: arial; font-size: medium; text-align: center; color: #000080;\">H<span style=\"position: relative; font-size: 12px; line-height: 0; vertical-align: baseline; bottom: -0.25em;\">2<\/span>O<span style=\"position: relative; font-size: 12px; line-height: 0; vertical-align: baseline; bottom: -0.25em;\">2<\/span><\/strong><\/p>\t\t\t\t\t\t\t\t<\/div>\n\t\t\t\t<\/div>\n\t\t\t\t\t<\/div>\n\t\t<\/div>\n\t\t\t\t\t<\/div>\n\t\t<\/section>\n\t\t\t\t<section class=\"elementor-section elementor-top-section elementor-element elementor-element-a722555 elementor-section-boxed elementor-section-height-default elementor-section-height-default\" data-id=\"a722555\" data-element_type=\"section\" data-e-type=\"section\">\n\t\t\t\t\t\t<div class=\"elementor-container elementor-column-gap-default\">\n\t\t\t\t\t<div class=\"elementor-column elementor-col-50 elementor-top-column elementor-element elementor-element-68a17cb\" data-id=\"68a17cb\" data-element_type=\"column\" data-e-type=\"column\">\n\t\t\t<div class=\"elementor-widget-wrap elementor-element-populated\">\n\t\t\t\t\t\t<div class=\"elementor-element elementor-element-2025d0a elementor-widget elementor-widget-text-editor\" data-id=\"2025d0a\" data-element_type=\"widget\" data-e-type=\"widget\" data-widget_type=\"text-editor.default\">\n\t\t\t\t<div class=\"elementor-widget-container\">\n\t\t\t\t\t\t\t\t\t<div class=\"Style3\" style=\"color: rgb(64, 64, 64); font-family: arial; font-size: 14px;\"><span lang=\"EN-US\">Confocal microscopy image of a root tip of&nbsp;<em>Arabidopsis thaliana&nbsp;<\/em>incubated in an hydrogen peroxide indicator, hydroxyphenyl fluorescein (HPF).&nbsp;<\/span><span lang=\"EN-US\">Excitation (max): 490 nm; Emission (max): 515 nm.<\/span><\/div><div class=\"Style3\" style=\"color: rgb(64, 64, 64); font-family: arial; font-size: 14px;\"><br>images acquired with the Confocal Microscope Leica SP2;&nbsp; excitation: 488 nm; emission: 506-586 nm<\/div><p style=\"margin-top: 15px; margin-bottom: 15px; line-height: 25.2px; color: rgb(64, 64, 64); font-family: arial; font-size: 14px; font-style: normal; font-weight: 400;\">mz: m\u00e9rist\u00e9matic zone; ez&nbsp;: elongation zone;<br>dz: diff\u00e9rentiation zone;<br>Scale&nbsp;: 100 \u00b5m<\/p><p style=\"margin-top: 15px; margin-bottom: 15px; line-height: 25.2px; color: rgb(64, 64, 64); font-family: arial; font-size: 14px; font-style: normal; font-weight: 400;\"><strong>Publication<br><\/strong>Dunand C, Cr\u00e8vecoeur M &amp; C.Penel (2007) &#8211; Distribution of superoxide and hydrogene peroxide in&nbsp;<em>Arabidopsis<\/em>&nbsp;roots and their influence on root development: possible interaction with peroxidases. New Phytol. 174: 332 &#8211; 341.<\/p>\t\t\t\t\t\t\t\t<\/div>\n\t\t\t\t<\/div>\n\t\t\t\t\t<\/div>\n\t\t<\/div>\n\t\t\t\t<div class=\"elementor-column elementor-col-50 elementor-top-column elementor-element elementor-element-8d5a428\" data-id=\"8d5a428\" data-element_type=\"column\" data-e-type=\"column\">\n\t\t\t<div class=\"elementor-widget-wrap elementor-element-populated\">\n\t\t\t\t\t\t<div class=\"elementor-element elementor-element-520f357 elementor-widget elementor-widget-image\" data-id=\"520f357\" data-element_type=\"widget\" data-e-type=\"widget\" data-widget_type=\"image.default\">\n\t\t\t\t<div class=\"elementor-widget-container\">\n\t\t\t\t\t\t\t\t\t\t\t\t\t\t\t<img fetchpriority=\"high\" decoding=\"async\" width=\"399\" height=\"790\" src=\"https:\/\/michelecrevecoeur.ch\/wp-content\/uploads\/2022\/01\/HPF_racine_confocale.jpg\" class=\"attachment-large size-large wp-image-619\" alt=\"\" srcset=\"https:\/\/michelecrevecoeur.ch\/wp-content\/uploads\/2022\/01\/HPF_racine_confocale.jpg 399w, https:\/\/michelecrevecoeur.ch\/wp-content\/uploads\/2022\/01\/HPF_racine_confocale-152x300.jpg 152w\" sizes=\"(max-width: 399px) 100vw, 399px\" \/>\t\t\t\t\t\t\t\t\t\t\t\t\t\t\t<\/div>\n\t\t\t\t<\/div>\n\t\t\t\t\t<\/div>\n\t\t<\/div>\n\t\t\t\t\t<\/div>\n\t\t<\/section>\n\t\t\t\t<\/div>\n\t\t","protected":false},"excerpt":{"rendered":"<p>\u00a0In vivo\u00a0detection of\u00a0H2O2 Confocal microscopy image of a root tip of&nbsp;Arabidopsis thaliana&nbsp;incubated in an hydrogen peroxide indicator, hydroxyphenyl fluorescein (HPF).&nbsp;Excitation (max): 490 nm; Emission (max): 515 nm.images acquired with the Confocal Microscope Leica SP2;&nbsp; excitation: 488 nm; emission: 506-586 nm mz: m\u00e9rist\u00e9matic zone; ez&nbsp;: elongation zone;dz: diff\u00e9rentiation zone;Scale&nbsp;: 100 \u00b5m PublicationDunand C, Cr\u00e8vecoeur M &amp; [&hellip;]<\/p>\n","protected":false},"author":2,"featured_media":0,"parent":0,"menu_order":0,"comment_status":"closed","ping_status":"closed","template":"","meta":{"site-sidebar-layout":"no-sidebar","site-content-layout":"page-builder","ast-site-content-layout":"default","site-content-style":"default","site-sidebar-style":"default","ast-global-header-display":"","ast-banner-title-visibility":"","ast-main-header-display":"","ast-hfb-above-header-display":"","ast-hfb-below-header-display":"","ast-hfb-mobile-header-display":"","site-post-title":"disabled","ast-breadcrumbs-content":"","ast-featured-img":"disabled","footer-sml-layout":"","ast-disable-related-posts":"","theme-transparent-header-meta":"","adv-header-id-meta":"","stick-header-meta":"","header-above-stick-meta":"","header-main-stick-meta":"","header-below-stick-meta":"","astra-migrate-meta-layouts":"default","ast-page-background-enabled":"default","ast-page-background-meta":{"desktop":{"background-color":"var(--ast-global-color-4)","background-image":"","background-repeat":"repeat","background-position":"center center","background-size":"auto","background-attachment":"scroll","background-type":"","background-media":"","overlay-type":"","overlay-color":"","overlay-opacity":"","overlay-gradient":""},"tablet":{"background-color":"","background-image":"","background-repeat":"repeat","background-position":"center center","background-size":"auto","background-attachment":"scroll","background-type":"","background-media":"","overlay-type":"","overlay-color":"","overlay-opacity":"","overlay-gradient":""},"mobile":{"background-color":"","background-image":"","background-repeat":"repeat","background-position":"center center","background-size":"auto","background-attachment":"scroll","background-type":"","background-media":"","overlay-type":"","overlay-color":"","overlay-opacity":"","overlay-gradient":""}},"ast-content-background-meta":{"desktop":{"background-color":"var(--ast-global-color-5)","background-image":"","background-repeat":"repeat","background-position":"center center","background-size":"auto","background-attachment":"scroll","background-type":"","background-media":"","overlay-type":"","overlay-color":"","overlay-opacity":"","overlay-gradient":""},"tablet":{"background-color":"var(--ast-global-color-5)","background-image":"","background-repeat":"repeat","background-position":"center center","background-size":"auto","background-attachment":"scroll","background-type":"","background-media":"","overlay-type":"","overlay-color":"","overlay-opacity":"","overlay-gradient":""},"mobile":{"background-color":"var(--ast-global-color-5)","background-image":"","background-repeat":"repeat","background-position":"center center","background-size":"auto","background-attachment":"scroll","background-type":"","background-media":"","overlay-type":"","overlay-color":"","overlay-opacity":"","overlay-gradient":""}},"footnotes":""},"class_list":["post-616","page","type-page","status-publish","hentry"],"yoast_head":"<!-- This site is optimized with the Yoast SEO plugin v27.2 - https:\/\/yoast.com\/product\/yoast-seo-wordpress\/ -->\n<title>In vivo detection of H2O2 - Mich\u00e8le Cr\u00e8vecoeur<\/title>\n<meta name=\"description\" content=\"Confocal microscopy image of a root tip of Arabidopsis thaliana incubated in an hydrogen peroxide indicator, hydroxyphenyl fluorescein (HPF)\" \/>\n<meta name=\"robots\" content=\"index, follow, max-snippet:-1, max-image-preview:large, max-video-preview:-1\" \/>\n<link rel=\"canonical\" href=\"https:\/\/michelecrevecoeur.ch\/?page_id=616\" \/>\n<meta property=\"og:locale\" content=\"fr_FR\" \/>\n<meta property=\"og:type\" content=\"article\" \/>\n<meta property=\"og:title\" content=\"In vivo detection of H2O2 - Mich\u00e8le Cr\u00e8vecoeur\" \/>\n<meta property=\"og:description\" content=\"Confocal microscopy image of a root tip of Arabidopsis thaliana incubated in an hydrogen peroxide indicator, hydroxyphenyl fluorescein (HPF)\" \/>\n<meta property=\"og:url\" content=\"https:\/\/michelecrevecoeur.ch\/?page_id=616\" \/>\n<meta property=\"og:site_name\" content=\"Mich\u00e8le Cr\u00e8vecoeur\" \/>\n<meta property=\"article:modified_time\" content=\"2022-01-01T14:00:12+00:00\" \/>\n<meta property=\"og:image\" content=\"https:\/\/michelecrevecoeur.ch\/wp-content\/uploads\/2022\/01\/HPF_racine_confocale.jpg\" \/>\n<meta name=\"twitter:card\" content=\"summary_large_image\" \/>\n<meta name=\"twitter:label1\" content=\"Dur\u00e9e de lecture estim\u00e9e\" \/>\n\t<meta name=\"twitter:data1\" content=\"1 minute\" \/>\n<script type=\"application\/ld+json\" class=\"yoast-schema-graph\">{\"@context\":\"https:\/\/schema.org\",\"@graph\":[{\"@type\":\"WebPage\",\"@id\":\"https:\/\/michelecrevecoeur.ch\/?page_id=616\",\"url\":\"https:\/\/michelecrevecoeur.ch\/?page_id=616\",\"name\":\"In vivo detection of H2O2 - Mich\u00e8le Cr\u00e8vecoeur\",\"isPartOf\":{\"@id\":\"https:\/\/michelecrevecoeur.ch\/#website\"},\"primaryImageOfPage\":{\"@id\":\"https:\/\/michelecrevecoeur.ch\/?page_id=616#primaryimage\"},\"image\":{\"@id\":\"https:\/\/michelecrevecoeur.ch\/?page_id=616#primaryimage\"},\"thumbnailUrl\":\"https:\/\/michelecrevecoeur.ch\/wp-content\/uploads\/2022\/01\/HPF_racine_confocale.jpg\",\"datePublished\":\"2022-01-01T13:59:05+00:00\",\"dateModified\":\"2022-01-01T14:00:12+00:00\",\"description\":\"Confocal microscopy image of a root tip of Arabidopsis thaliana incubated in an hydrogen peroxide indicator, hydroxyphenyl fluorescein (HPF)\",\"breadcrumb\":{\"@id\":\"https:\/\/michelecrevecoeur.ch\/?page_id=616#breadcrumb\"},\"inLanguage\":\"fr-FR\",\"potentialAction\":[{\"@type\":\"ReadAction\",\"target\":[\"https:\/\/michelecrevecoeur.ch\/?page_id=616\"]}]},{\"@type\":\"ImageObject\",\"inLanguage\":\"fr-FR\",\"@id\":\"https:\/\/michelecrevecoeur.ch\/?page_id=616#primaryimage\",\"url\":\"https:\/\/michelecrevecoeur.ch\/wp-content\/uploads\/2022\/01\/HPF_racine_confocale.jpg\",\"contentUrl\":\"https:\/\/michelecrevecoeur.ch\/wp-content\/uploads\/2022\/01\/HPF_racine_confocale.jpg\",\"width\":399,\"height\":790,\"caption\":\"[Parameter-Settings] FileVersion = 2000 Date\/Time = 2004:06:03 15:05:10 Date\/Time + ms = 2004:06:03,15:05:10:390 User Name = TCS User Width = 512 Length = 512 Bits per Sample = 8 Used Bits per Sample = 8 Samples per Pixel = 1 ScanMode = xyz AOBS (0) = 100.000000 AOBS (1) = 100.000000 AOBS (2) = 0.000000 AOBS (3) = 0.000000 AOBS (4) = 0.000000 AOBS (5) = 0.000000 AOBS (6) = 0.000000 AOBS (7) = 0.000000 AOBS (0) = 0.000000 AOBS (1) = 0.000000 AOBS (2) = 0.000000 AOBS (3) = 0.000000 AOBS (4) = 0.000000 AOBS (5) = 0.000000 AOBS (6) = 0.000000 AOBS (7) = 0.000000 AOTF (405) = 0.000000 AOTF (405) = 0.000000 AOTF (458) = 0.000000 AOTF (476) = 0.000000 AOTF (488) = 50.622711 AOTF (496) = 0.000000 AOTF (514) = 0.000000 AOTF (543) = 0.000000 AOTF (594) = 0.000000 AOTF (633) = 0.000000 AOTF (458) = 0.000000 AOTF (476) = 0.000000 AOTF (488) = 0.000000 AOTF (496) = 0.000000 AOTF (514) = 0.000000 AOTF (543) = 0.000000 AOTF (594) = 0.000000 AOTF (633) = 0.000000 PMT 1 = Inactive PMT 2 = Active PMT 2 (Offs.) = 1.600000 PMT 2 (HV) = 706.037515 PMT 3 = Inactive PMT 4 = Inactive PMT Trans = Inactive Beam Expander = Beam Exp 6 External Detection FW = Mirror UV Lens FW = Lens 10x\/20x Hardware Type No. = 2.000000 Scan Field Rotation = -0.038943 Rotation Direction = 1 X Scan Actuator = Active X Scan Actuator (Gain) = 1.000000 X Scan Actuator (Offs.) = 0.000000 Y Scan Actuator = Active Y Scan Actuator (Gain) = 1.000000 Y Scan Actuator (Offs.) = 0.000000 Z Scan Actuator = Inactive Z Scan Actuator (POS) = -0.000012 Scan Speed = 400.000000 Phase = 22.005208 Y-Phase = 0.122100 SP Mirror 1 (left) = 409.375000 SP Mirror 1 (right) = 468.125000 SP Mirror 1 (stain) = SP Mirror 2 (left) = 506.000000 SP Mirror 2 (right) = 586.000000 SP Mirror 2 (stain) = GFP SP Mirror 3 (left) = 644.375000 SP Mirror 3 (right) = 703.125000 SP Mirror 3 (stain) = SP Mirror 4 (left) = 761.875000 SP Mirror 4 (right) = 820.625000 SP Mirror\"},{\"@type\":\"BreadcrumbList\",\"@id\":\"https:\/\/michelecrevecoeur.ch\/?page_id=616#breadcrumb\",\"itemListElement\":[{\"@type\":\"ListItem\",\"position\":1,\"name\":\"Accueil\",\"item\":\"https:\/\/michelecrevecoeur.ch\/\"},{\"@type\":\"ListItem\",\"position\":2,\"name\":\"In vivo detection of H2O2\"}]},{\"@type\":\"WebSite\",\"@id\":\"https:\/\/michelecrevecoeur.ch\/#website\",\"url\":\"https:\/\/michelecrevecoeur.ch\/\",\"name\":\"Mich\u00e8le Cr\u00e8vecoeur\",\"description\":\"Plant Microscopy\",\"publisher\":{\"@id\":\"https:\/\/michelecrevecoeur.ch\/#\/schema\/person\/dfdf9ef4c6d746dfdecdceb6e2986d66\"},\"potentialAction\":[{\"@type\":\"SearchAction\",\"target\":{\"@type\":\"EntryPoint\",\"urlTemplate\":\"https:\/\/michelecrevecoeur.ch\/?s={search_term_string}\"},\"query-input\":{\"@type\":\"PropertyValueSpecification\",\"valueRequired\":true,\"valueName\":\"search_term_string\"}}],\"inLanguage\":\"fr-FR\"},{\"@type\":[\"Person\",\"Organization\"],\"@id\":\"https:\/\/michelecrevecoeur.ch\/#\/schema\/person\/dfdf9ef4c6d746dfdecdceb6e2986d66\",\"name\":\"Mich\u00e8le\",\"image\":{\"@type\":\"ImageObject\",\"inLanguage\":\"fr-FR\",\"@id\":\"https:\/\/secure.gravatar.com\/avatar\/5ad72d9990ca501b7348a22de838f81a21f31163f3372e910adcb88b005c4cca?s=96&d=mm&r=g\",\"url\":\"https:\/\/secure.gravatar.com\/avatar\/5ad72d9990ca501b7348a22de838f81a21f31163f3372e910adcb88b005c4cca?s=96&d=mm&r=g\",\"contentUrl\":\"https:\/\/secure.gravatar.com\/avatar\/5ad72d9990ca501b7348a22de838f81a21f31163f3372e910adcb88b005c4cca?s=96&d=mm&r=g\",\"caption\":\"Mich\u00e8le\"},\"logo\":{\"@id\":\"https:\/\/secure.gravatar.com\/avatar\/5ad72d9990ca501b7348a22de838f81a21f31163f3372e910adcb88b005c4cca?s=96&d=mm&r=g\"},\"sameAs\":[\"http:\/\/michelecrevecoeur.ch\"]}]}<\/script>\n<!-- \/ Yoast SEO plugin. -->","yoast_head_json":{"title":"In vivo detection of H2O2 - Mich\u00e8le Cr\u00e8vecoeur","description":"Confocal microscopy image of a root tip of Arabidopsis thaliana incubated in an hydrogen peroxide indicator, hydroxyphenyl fluorescein (HPF)","robots":{"index":"index","follow":"follow","max-snippet":"max-snippet:-1","max-image-preview":"max-image-preview:large","max-video-preview":"max-video-preview:-1"},"canonical":"https:\/\/michelecrevecoeur.ch\/?page_id=616","og_locale":"fr_FR","og_type":"article","og_title":"In vivo detection of H2O2 - Mich\u00e8le Cr\u00e8vecoeur","og_description":"Confocal microscopy image of a root tip of Arabidopsis thaliana incubated in an hydrogen peroxide indicator, hydroxyphenyl fluorescein (HPF)","og_url":"https:\/\/michelecrevecoeur.ch\/?page_id=616","og_site_name":"Mich\u00e8le Cr\u00e8vecoeur","article_modified_time":"2022-01-01T14:00:12+00:00","og_image":[{"url":"https:\/\/michelecrevecoeur.ch\/wp-content\/uploads\/2022\/01\/HPF_racine_confocale.jpg","type":"","width":"","height":""}],"twitter_card":"summary_large_image","twitter_misc":{"Dur\u00e9e de lecture estim\u00e9e":"1 minute"},"schema":{"@context":"https:\/\/schema.org","@graph":[{"@type":"WebPage","@id":"https:\/\/michelecrevecoeur.ch\/?page_id=616","url":"https:\/\/michelecrevecoeur.ch\/?page_id=616","name":"In vivo detection of H2O2 - Mich\u00e8le Cr\u00e8vecoeur","isPartOf":{"@id":"https:\/\/michelecrevecoeur.ch\/#website"},"primaryImageOfPage":{"@id":"https:\/\/michelecrevecoeur.ch\/?page_id=616#primaryimage"},"image":{"@id":"https:\/\/michelecrevecoeur.ch\/?page_id=616#primaryimage"},"thumbnailUrl":"https:\/\/michelecrevecoeur.ch\/wp-content\/uploads\/2022\/01\/HPF_racine_confocale.jpg","datePublished":"2022-01-01T13:59:05+00:00","dateModified":"2022-01-01T14:00:12+00:00","description":"Confocal microscopy image of a root tip of Arabidopsis thaliana incubated in an hydrogen peroxide indicator, hydroxyphenyl fluorescein (HPF)","breadcrumb":{"@id":"https:\/\/michelecrevecoeur.ch\/?page_id=616#breadcrumb"},"inLanguage":"fr-FR","potentialAction":[{"@type":"ReadAction","target":["https:\/\/michelecrevecoeur.ch\/?page_id=616"]}]},{"@type":"ImageObject","inLanguage":"fr-FR","@id":"https:\/\/michelecrevecoeur.ch\/?page_id=616#primaryimage","url":"https:\/\/michelecrevecoeur.ch\/wp-content\/uploads\/2022\/01\/HPF_racine_confocale.jpg","contentUrl":"https:\/\/michelecrevecoeur.ch\/wp-content\/uploads\/2022\/01\/HPF_racine_confocale.jpg","width":399,"height":790,"caption":"[Parameter-Settings] FileVersion = 2000 Date\/Time = 2004:06:03 15:05:10 Date\/Time + ms = 2004:06:03,15:05:10:390 User Name = TCS User Width = 512 Length = 512 Bits per Sample = 8 Used Bits per Sample = 8 Samples per Pixel = 1 ScanMode = xyz AOBS (0) = 100.000000 AOBS (1) = 100.000000 AOBS (2) = 0.000000 AOBS (3) = 0.000000 AOBS (4) = 0.000000 AOBS (5) = 0.000000 AOBS (6) = 0.000000 AOBS (7) = 0.000000 AOBS (0) = 0.000000 AOBS (1) = 0.000000 AOBS (2) = 0.000000 AOBS (3) = 0.000000 AOBS (4) = 0.000000 AOBS (5) = 0.000000 AOBS (6) = 0.000000 AOBS (7) = 0.000000 AOTF (405) = 0.000000 AOTF (405) = 0.000000 AOTF (458) = 0.000000 AOTF (476) = 0.000000 AOTF (488) = 50.622711 AOTF (496) = 0.000000 AOTF (514) = 0.000000 AOTF (543) = 0.000000 AOTF (594) = 0.000000 AOTF (633) = 0.000000 AOTF (458) = 0.000000 AOTF (476) = 0.000000 AOTF (488) = 0.000000 AOTF (496) = 0.000000 AOTF (514) = 0.000000 AOTF (543) = 0.000000 AOTF (594) = 0.000000 AOTF (633) = 0.000000 PMT 1 = Inactive PMT 2 = Active PMT 2 (Offs.) = 1.600000 PMT 2 (HV) = 706.037515 PMT 3 = Inactive PMT 4 = Inactive PMT Trans = Inactive Beam Expander = Beam Exp 6 External Detection FW = Mirror UV Lens FW = Lens 10x\/20x Hardware Type No. = 2.000000 Scan Field Rotation = -0.038943 Rotation Direction = 1 X Scan Actuator = Active X Scan Actuator (Gain) = 1.000000 X Scan Actuator (Offs.) = 0.000000 Y Scan Actuator = Active Y Scan Actuator (Gain) = 1.000000 Y Scan Actuator (Offs.) = 0.000000 Z Scan Actuator = Inactive Z Scan Actuator (POS) = -0.000012 Scan Speed = 400.000000 Phase = 22.005208 Y-Phase = 0.122100 SP Mirror 1 (left) = 409.375000 SP Mirror 1 (right) = 468.125000 SP Mirror 1 (stain) = SP Mirror 2 (left) = 506.000000 SP Mirror 2 (right) = 586.000000 SP Mirror 2 (stain) = GFP SP Mirror 3 (left) = 644.375000 SP Mirror 3 (right) = 703.125000 SP Mirror 3 (stain) = SP Mirror 4 (left) = 761.875000 SP Mirror 4 (right) = 820.625000 SP Mirror"},{"@type":"BreadcrumbList","@id":"https:\/\/michelecrevecoeur.ch\/?page_id=616#breadcrumb","itemListElement":[{"@type":"ListItem","position":1,"name":"Accueil","item":"https:\/\/michelecrevecoeur.ch\/"},{"@type":"ListItem","position":2,"name":"In vivo detection of H2O2"}]},{"@type":"WebSite","@id":"https:\/\/michelecrevecoeur.ch\/#website","url":"https:\/\/michelecrevecoeur.ch\/","name":"Mich\u00e8le Cr\u00e8vecoeur","description":"Plant Microscopy","publisher":{"@id":"https:\/\/michelecrevecoeur.ch\/#\/schema\/person\/dfdf9ef4c6d746dfdecdceb6e2986d66"},"potentialAction":[{"@type":"SearchAction","target":{"@type":"EntryPoint","urlTemplate":"https:\/\/michelecrevecoeur.ch\/?s={search_term_string}"},"query-input":{"@type":"PropertyValueSpecification","valueRequired":true,"valueName":"search_term_string"}}],"inLanguage":"fr-FR"},{"@type":["Person","Organization"],"@id":"https:\/\/michelecrevecoeur.ch\/#\/schema\/person\/dfdf9ef4c6d746dfdecdceb6e2986d66","name":"Mich\u00e8le","image":{"@type":"ImageObject","inLanguage":"fr-FR","@id":"https:\/\/secure.gravatar.com\/avatar\/5ad72d9990ca501b7348a22de838f81a21f31163f3372e910adcb88b005c4cca?s=96&d=mm&r=g","url":"https:\/\/secure.gravatar.com\/avatar\/5ad72d9990ca501b7348a22de838f81a21f31163f3372e910adcb88b005c4cca?s=96&d=mm&r=g","contentUrl":"https:\/\/secure.gravatar.com\/avatar\/5ad72d9990ca501b7348a22de838f81a21f31163f3372e910adcb88b005c4cca?s=96&d=mm&r=g","caption":"Mich\u00e8le"},"logo":{"@id":"https:\/\/secure.gravatar.com\/avatar\/5ad72d9990ca501b7348a22de838f81a21f31163f3372e910adcb88b005c4cca?s=96&d=mm&r=g"},"sameAs":["http:\/\/michelecrevecoeur.ch"]}]}},"_links":{"self":[{"href":"https:\/\/michelecrevecoeur.ch\/index.php?rest_route=\/wp\/v2\/pages\/616","targetHints":{"allow":["GET"]}}],"collection":[{"href":"https:\/\/michelecrevecoeur.ch\/index.php?rest_route=\/wp\/v2\/pages"}],"about":[{"href":"https:\/\/michelecrevecoeur.ch\/index.php?rest_route=\/wp\/v2\/types\/page"}],"author":[{"embeddable":true,"href":"https:\/\/michelecrevecoeur.ch\/index.php?rest_route=\/wp\/v2\/users\/2"}],"replies":[{"embeddable":true,"href":"https:\/\/michelecrevecoeur.ch\/index.php?rest_route=%2Fwp%2Fv2%2Fcomments&post=616"}],"version-history":[{"count":5,"href":"https:\/\/michelecrevecoeur.ch\/index.php?rest_route=\/wp\/v2\/pages\/616\/revisions"}],"predecessor-version":[{"id":623,"href":"https:\/\/michelecrevecoeur.ch\/index.php?rest_route=\/wp\/v2\/pages\/616\/revisions\/623"}],"wp:attachment":[{"href":"https:\/\/michelecrevecoeur.ch\/index.php?rest_route=%2Fwp%2Fv2%2Fmedia&parent=616"}],"curies":[{"name":"wp","href":"https:\/\/api.w.org\/{rel}","templated":true}]}}