{"id":224,"date":"2021-12-12T17:13:26","date_gmt":"2021-12-12T16:13:26","guid":{"rendered":"https:\/\/michelecrevecoeur.ch\/?page_id=224"},"modified":"2021-12-27T16:01:34","modified_gmt":"2021-12-27T15:01:34","slug":"supporting-tissues","status":"publish","type":"page","link":"https:\/\/michelecrevecoeur.ch\/?page_id=224","title":{"rendered":"Supporting tissues"},"content":{"rendered":"\t\t<div data-elementor-type=\"wp-page\" data-elementor-id=\"224\" class=\"elementor elementor-224\">\n\t\t\t\t\t\t<section class=\"elementor-section elementor-top-section elementor-element elementor-element-48f4f801 elementor-section-boxed elementor-section-height-default elementor-section-height-default\" data-id=\"48f4f801\" data-element_type=\"section\" data-e-type=\"section\">\n\t\t\t\t\t\t<div class=\"elementor-container elementor-column-gap-default\">\n\t\t\t\t\t<div class=\"elementor-column elementor-col-100 elementor-top-column elementor-element elementor-element-56e0f7b6\" data-id=\"56e0f7b6\" data-element_type=\"column\" data-e-type=\"column\">\n\t\t\t<div class=\"elementor-widget-wrap elementor-element-populated\">\n\t\t\t\t\t\t<div class=\"elementor-element elementor-element-1f1ad3b9 elementor-widget elementor-widget-text-editor\" data-id=\"1f1ad3b9\" data-element_type=\"widget\" data-e-type=\"widget\" data-widget_type=\"text-editor.default\">\n\t\t\t\t<div class=\"elementor-widget-container\">\n\t\t\t\t\t\t\t\t\t<p style=\"margin-top: 15px; margin-bottom: 15px; line-height: 25.2px; color: #404040; font-family: arial; font-size: 14px; font-style: normal; font-weight: 400;\" align=\"center\"><span style=\"color: #003366; font-size: medium;\"><strong>Supporting tissues: collenchyma and sclerenchyma<\/strong><\/span><\/p><p style=\"margin-top: 15px; margin-bottom: 15px; line-height: 25.2px; color: #404040; font-family: arial; font-size: 14px; font-style: normal; font-weight: 400;\">They are considered as specialized parenchyma, essential for land plants that grow in height.\u00a0 Supporting tissues are necessary in petioles that carry lamina often large, in the stems that carry leaves, flowers and fruit. They are also essential for the different organs that are exposed to mechanical strains.<\/p><p style=\"margin-top: 15px; margin-bottom: 15px; line-height: 25.2px; color: #404040; font-family: arial; font-size: 14px; font-style: normal; font-weight: 400;\">They are composed of cells with thickened walls to ensure their function of support in organs whose volume and life conditions modifications need more support than cells turgescence to assure vertical growth of plants.<\/p><p style=\"margin-top: 15px; margin-bottom: 15px; line-height: 25.2px; color: #404040; font-family: arial; font-size: 14px; font-style: normal; font-weight: 400;\">There are two support tissues: collenchyma and sclerenchyma that can be found simultaneously in a same organ.<\/p><p style=\"margin-top: 15px; margin-bottom: 15px; line-height: 25.2px; color: #404040; font-family: arial; font-size: 14px; font-style: normal; font-weight: 400;\"><a href=\"https:\/\/michelecrevecoeur.ch\/?page_id=296\"><strong>Collenchyma<\/strong>\u00a0<\/a>is made up of one type cells, that are alive at maturity, with intercellular spaces and with relatively undifferentiated plastids. They are characterized by unevenly thickened cell walls relatively pliable. The thickening consists of cellulose and occurs during growth of the organ. The collenchyma is the supporting tissue of the primary body and is essential for mechanical support of young growing organs that must resist to elongation tension. Thickening occurs frequently in the corners of cells what is clearly seen in cross sections and is called angular collenchyma.<\/p><p style=\"margin-top: 15px; margin-bottom: 15px; line-height: 25.2px; color: #404040; font-family: arial; font-size: 14px; font-style: normal; font-weight: 400;\">This tissue is commonly found beneath the epidermis of herbaceous stems or petioles, located in the outer ground parenchyma and sometimes in border of leaf veins. It is extremely rare in the root.<\/p><p style=\"margin-top: 15px; margin-bottom: 15px; line-height: 25.2px; color: #404040; font-family: arial; font-size: 14px; font-style: normal; font-weight: 400;\"><strong>Sclerenchyma<\/strong>\u00a0is the other supporting tissue composed at maturity of dead cells with extremely thick lignified secondary walls. As result it is essential for the support of organs that do not grow anymore. This tissue can be found in all plant\u2019s organs except in the root. Thickening of the primary wall occurs by impregnation of lignin and results in a rigid and impermeable wall. It exists as two types of cells: sclereids and fibers that differ by their shape, their origin, and their location.<\/p><p><a href=\"https:\/\/michelecrevecoeur.ch\/?page_id=317\"><strong>Fibres<\/strong><\/a><a style=\"background-image: initial; background-position: initial; background-size: initial; background-repeat: initial; background-attachment: initial; background-origin: initial; background-clip: initial; text-decoration-line: none;\" title=\"Scl\u00e9renchyme: fbres\" href=\"https:\/\/www.unige.ch\/sciences\/biologie\/bioveg\/crevecoeur\/liens\/tissus-de-soutien\/sclerenchyme-fbres\/\">:<\/a>\u00a0 elongate, fusiform, narrow cells, with a very narrow lumen.\u00a0 They occur singly or un small aggregates frequently associated to vascular bundles or in the cortical parenchyma of stems.<\/p><p style=\"margin-top: 15px; margin-bottom: 15px; line-height: 25.2px; color: #404040; font-family: arial; font-size: 14px; font-style: normal; font-weight: 400;\"><a href=\"https:\/\/michelecrevecoeur.ch\/?page_id=306\"><strong>Sclereids<\/strong><\/a><a style=\"background-image: initial; background-position: initial; background-size: initial; background-repeat: initial; background-attachment: initial; background-origin: initial; background-clip: initial; text-decoration-line: none;\" title=\"Sc\u00e9renchyme : scl\u00e9rites\" href=\"https:\/\/www.unige.ch\/sciences\/biologie\/bioveg\/crevecoeur\/liens\/tissus-de-soutien\/scerenchyme\/\"><strong>:\u00a0<\/strong><\/a>are often shorter than fibers, of greater size and with a variety of shapes: \u00a0isodiametric, star-like, branched. They are generally isolated in other tissues but are sometimes found in small aggregates. Sclereids are found in stems, fruits and seeds and in leaves. They are present in leaves of some hydrophytes, with large lamina to maintain them at the water surface.<\/p>\t\t\t\t\t\t\t\t<\/div>\n\t\t\t\t<\/div>\n\t\t\t\t\t<\/div>\n\t\t<\/div>\n\t\t\t\t\t<\/div>\n\t\t<\/section>\n\t\t\t\t<\/div>\n\t\t","protected":false},"excerpt":{"rendered":"<p>Supporting tissues: collenchyma and sclerenchyma They are considered as specialized parenchyma, essential for land plants that grow in height.\u00a0 Supporting tissues are necessary in petioles that carry lamina often large, in the stems that carry leaves, flowers and fruit. They are also essential for the different organs that are exposed to mechanical strains. They are [&hellip;]<\/p>\n","protected":false},"author":1,"featured_media":0,"parent":0,"menu_order":0,"comment_status":"closed","ping_status":"closed","template":"","meta":{"site-sidebar-layout":"no-sidebar","site-content-layout":"page-builder","ast-site-content-layout":"default","site-content-style":"default","site-sidebar-style":"default","ast-global-header-display":"","ast-banner-title-visibility":"","ast-main-header-display":"","ast-hfb-above-header-display":"","ast-hfb-below-header-display":"","ast-hfb-mobile-header-display":"","site-post-title":"disabled","ast-breadcrumbs-content":"","ast-featured-img":"disabled","footer-sml-layout":"","ast-disable-related-posts":"","theme-transparent-header-meta":"","adv-header-id-meta":"","stick-header-meta":"","header-above-stick-meta":"","header-main-stick-meta":"","header-below-stick-meta":"","astra-migrate-meta-layouts":"default","ast-page-background-enabled":"default","ast-page-background-meta":{"desktop":{"background-color":"var(--ast-global-color-4)","background-image":"","background-repeat":"repeat","background-position":"center center","background-size":"auto","background-attachment":"scroll","background-type":"","background-media":"","overlay-type":"","overlay-color":"","overlay-opacity":"","overlay-gradient":""},"tablet":{"background-color":"","background-image":"","background-repeat":"repeat","background-position":"center center","background-size":"auto","background-attachment":"scroll","background-type":"","background-media":"","overlay-type":"","overlay-color":"","overlay-opacity":"","overlay-gradient":""},"mobile":{"background-color":"","background-image":"","background-repeat":"repeat","background-position":"center center","background-size":"auto","background-attachment":"scroll","background-type":"","background-media":"","overlay-type":"","overlay-color":"","overlay-opacity":"","overlay-gradient":""}},"ast-content-background-meta":{"desktop":{"background-color":"var(--ast-global-color-5)","background-image":"","background-repeat":"repeat","background-position":"center center","background-size":"auto","background-attachment":"scroll","background-type":"","background-media":"","overlay-type":"","overlay-color":"","overlay-opacity":"","overlay-gradient":""},"tablet":{"background-color":"var(--ast-global-color-5)","background-image":"","background-repeat":"repeat","background-position":"center center","background-size":"auto","background-attachment":"scroll","background-type":"","background-media":"","overlay-type":"","overlay-color":"","overlay-opacity":"","overlay-gradient":""},"mobile":{"background-color":"var(--ast-global-color-5)","background-image":"","background-repeat":"repeat","background-position":"center center","background-size":"auto","background-attachment":"scroll","background-type":"","background-media":"","overlay-type":"","overlay-color":"","overlay-opacity":"","overlay-gradient":""}},"footnotes":""},"class_list":["post-224","page","type-page","status-publish","hentry"],"yoast_head":"<!-- This site is optimized with the Yoast SEO plugin v27.2 - https:\/\/yoast.com\/product\/yoast-seo-wordpress\/ -->\n<title>Supporting tissues - Mich\u00e8le Cr\u00e8vecoeur<\/title>\n<meta name=\"robots\" content=\"index, follow, max-snippet:-1, max-image-preview:large, max-video-preview:-1\" \/>\n<link rel=\"canonical\" href=\"https:\/\/michelecrevecoeur.ch\/?page_id=224\" \/>\n<meta property=\"og:locale\" content=\"fr_FR\" \/>\n<meta property=\"og:type\" content=\"article\" \/>\n<meta property=\"og:title\" content=\"Supporting tissues - Mich\u00e8le Cr\u00e8vecoeur\" \/>\n<meta property=\"og:description\" content=\"Supporting tissues: collenchyma and sclerenchyma They are considered as specialized parenchyma, essential for land plants that grow in height.\u00a0 Supporting tissues are necessary in petioles that carry lamina often large, in the stems that carry leaves, flowers and fruit. They are also essential for the different organs that are exposed to mechanical strains. They are [&hellip;]\" \/>\n<meta property=\"og:url\" content=\"https:\/\/michelecrevecoeur.ch\/?page_id=224\" \/>\n<meta property=\"og:site_name\" content=\"Mich\u00e8le Cr\u00e8vecoeur\" \/>\n<meta property=\"article:modified_time\" content=\"2021-12-27T15:01:34+00:00\" \/>\n<meta name=\"twitter:card\" content=\"summary_large_image\" \/>\n<meta name=\"twitter:label1\" content=\"Dur\u00e9e de lecture estim\u00e9e\" \/>\n\t<meta name=\"twitter:data1\" content=\"3 minutes\" \/>\n<script type=\"application\/ld+json\" class=\"yoast-schema-graph\">{\"@context\":\"https:\/\/schema.org\",\"@graph\":[{\"@type\":\"WebPage\",\"@id\":\"https:\/\/michelecrevecoeur.ch\/?page_id=224\",\"url\":\"https:\/\/michelecrevecoeur.ch\/?page_id=224\",\"name\":\"Supporting tissues - Mich\u00e8le Cr\u00e8vecoeur\",\"isPartOf\":{\"@id\":\"https:\/\/michelecrevecoeur.ch\/#website\"},\"datePublished\":\"2021-12-12T16:13:26+00:00\",\"dateModified\":\"2021-12-27T15:01:34+00:00\",\"breadcrumb\":{\"@id\":\"https:\/\/michelecrevecoeur.ch\/?page_id=224#breadcrumb\"},\"inLanguage\":\"fr-FR\",\"potentialAction\":[{\"@type\":\"ReadAction\",\"target\":[\"https:\/\/michelecrevecoeur.ch\/?page_id=224\"]}]},{\"@type\":\"BreadcrumbList\",\"@id\":\"https:\/\/michelecrevecoeur.ch\/?page_id=224#breadcrumb\",\"itemListElement\":[{\"@type\":\"ListItem\",\"position\":1,\"name\":\"Accueil\",\"item\":\"https:\/\/michelecrevecoeur.ch\/\"},{\"@type\":\"ListItem\",\"position\":2,\"name\":\"Supporting tissues\"}]},{\"@type\":\"WebSite\",\"@id\":\"https:\/\/michelecrevecoeur.ch\/#website\",\"url\":\"https:\/\/michelecrevecoeur.ch\/\",\"name\":\"Mich\u00e8le Cr\u00e8vecoeur\",\"description\":\"Plant Microscopy\",\"publisher\":{\"@id\":\"https:\/\/michelecrevecoeur.ch\/#\/schema\/person\/dfdf9ef4c6d746dfdecdceb6e2986d66\"},\"potentialAction\":[{\"@type\":\"SearchAction\",\"target\":{\"@type\":\"EntryPoint\",\"urlTemplate\":\"https:\/\/michelecrevecoeur.ch\/?s={search_term_string}\"},\"query-input\":{\"@type\":\"PropertyValueSpecification\",\"valueRequired\":true,\"valueName\":\"search_term_string\"}}],\"inLanguage\":\"fr-FR\"},{\"@type\":[\"Person\",\"Organization\"],\"@id\":\"https:\/\/michelecrevecoeur.ch\/#\/schema\/person\/dfdf9ef4c6d746dfdecdceb6e2986d66\",\"name\":\"Mich\u00e8le\",\"image\":{\"@type\":\"ImageObject\",\"inLanguage\":\"fr-FR\",\"@id\":\"https:\/\/secure.gravatar.com\/avatar\/5ad72d9990ca501b7348a22de838f81a21f31163f3372e910adcb88b005c4cca?s=96&d=mm&r=g\",\"url\":\"https:\/\/secure.gravatar.com\/avatar\/5ad72d9990ca501b7348a22de838f81a21f31163f3372e910adcb88b005c4cca?s=96&d=mm&r=g\",\"contentUrl\":\"https:\/\/secure.gravatar.com\/avatar\/5ad72d9990ca501b7348a22de838f81a21f31163f3372e910adcb88b005c4cca?s=96&d=mm&r=g\",\"caption\":\"Mich\u00e8le\"},\"logo\":{\"@id\":\"https:\/\/secure.gravatar.com\/avatar\/5ad72d9990ca501b7348a22de838f81a21f31163f3372e910adcb88b005c4cca?s=96&d=mm&r=g\"},\"sameAs\":[\"http:\/\/michelecrevecoeur.ch\"]}]}<\/script>\n<!-- \/ Yoast SEO plugin. -->","yoast_head_json":{"title":"Supporting tissues - Mich\u00e8le Cr\u00e8vecoeur","robots":{"index":"index","follow":"follow","max-snippet":"max-snippet:-1","max-image-preview":"max-image-preview:large","max-video-preview":"max-video-preview:-1"},"canonical":"https:\/\/michelecrevecoeur.ch\/?page_id=224","og_locale":"fr_FR","og_type":"article","og_title":"Supporting tissues - Mich\u00e8le Cr\u00e8vecoeur","og_description":"Supporting tissues: collenchyma and sclerenchyma They are considered as specialized parenchyma, essential for land plants that grow in height.\u00a0 Supporting tissues are necessary in petioles that carry lamina often large, in the stems that carry leaves, flowers and fruit. They are also essential for the different organs that are exposed to mechanical strains. They are [&hellip;]","og_url":"https:\/\/michelecrevecoeur.ch\/?page_id=224","og_site_name":"Mich\u00e8le Cr\u00e8vecoeur","article_modified_time":"2021-12-27T15:01:34+00:00","twitter_card":"summary_large_image","twitter_misc":{"Dur\u00e9e de lecture estim\u00e9e":"3 minutes"},"schema":{"@context":"https:\/\/schema.org","@graph":[{"@type":"WebPage","@id":"https:\/\/michelecrevecoeur.ch\/?page_id=224","url":"https:\/\/michelecrevecoeur.ch\/?page_id=224","name":"Supporting tissues - Mich\u00e8le Cr\u00e8vecoeur","isPartOf":{"@id":"https:\/\/michelecrevecoeur.ch\/#website"},"datePublished":"2021-12-12T16:13:26+00:00","dateModified":"2021-12-27T15:01:34+00:00","breadcrumb":{"@id":"https:\/\/michelecrevecoeur.ch\/?page_id=224#breadcrumb"},"inLanguage":"fr-FR","potentialAction":[{"@type":"ReadAction","target":["https:\/\/michelecrevecoeur.ch\/?page_id=224"]}]},{"@type":"BreadcrumbList","@id":"https:\/\/michelecrevecoeur.ch\/?page_id=224#breadcrumb","itemListElement":[{"@type":"ListItem","position":1,"name":"Accueil","item":"https:\/\/michelecrevecoeur.ch\/"},{"@type":"ListItem","position":2,"name":"Supporting tissues"}]},{"@type":"WebSite","@id":"https:\/\/michelecrevecoeur.ch\/#website","url":"https:\/\/michelecrevecoeur.ch\/","name":"Mich\u00e8le Cr\u00e8vecoeur","description":"Plant Microscopy","publisher":{"@id":"https:\/\/michelecrevecoeur.ch\/#\/schema\/person\/dfdf9ef4c6d746dfdecdceb6e2986d66"},"potentialAction":[{"@type":"SearchAction","target":{"@type":"EntryPoint","urlTemplate":"https:\/\/michelecrevecoeur.ch\/?s={search_term_string}"},"query-input":{"@type":"PropertyValueSpecification","valueRequired":true,"valueName":"search_term_string"}}],"inLanguage":"fr-FR"},{"@type":["Person","Organization"],"@id":"https:\/\/michelecrevecoeur.ch\/#\/schema\/person\/dfdf9ef4c6d746dfdecdceb6e2986d66","name":"Mich\u00e8le","image":{"@type":"ImageObject","inLanguage":"fr-FR","@id":"https:\/\/secure.gravatar.com\/avatar\/5ad72d9990ca501b7348a22de838f81a21f31163f3372e910adcb88b005c4cca?s=96&d=mm&r=g","url":"https:\/\/secure.gravatar.com\/avatar\/5ad72d9990ca501b7348a22de838f81a21f31163f3372e910adcb88b005c4cca?s=96&d=mm&r=g","contentUrl":"https:\/\/secure.gravatar.com\/avatar\/5ad72d9990ca501b7348a22de838f81a21f31163f3372e910adcb88b005c4cca?s=96&d=mm&r=g","caption":"Mich\u00e8le"},"logo":{"@id":"https:\/\/secure.gravatar.com\/avatar\/5ad72d9990ca501b7348a22de838f81a21f31163f3372e910adcb88b005c4cca?s=96&d=mm&r=g"},"sameAs":["http:\/\/michelecrevecoeur.ch"]}]}},"_links":{"self":[{"href":"https:\/\/michelecrevecoeur.ch\/index.php?rest_route=\/wp\/v2\/pages\/224","targetHints":{"allow":["GET"]}}],"collection":[{"href":"https:\/\/michelecrevecoeur.ch\/index.php?rest_route=\/wp\/v2\/pages"}],"about":[{"href":"https:\/\/michelecrevecoeur.ch\/index.php?rest_route=\/wp\/v2\/types\/page"}],"author":[{"embeddable":true,"href":"https:\/\/michelecrevecoeur.ch\/index.php?rest_route=\/wp\/v2\/users\/1"}],"replies":[{"embeddable":true,"href":"https:\/\/michelecrevecoeur.ch\/index.php?rest_route=%2Fwp%2Fv2%2Fcomments&post=224"}],"version-history":[{"count":19,"href":"https:\/\/michelecrevecoeur.ch\/index.php?rest_route=\/wp\/v2\/pages\/224\/revisions"}],"predecessor-version":[{"id":507,"href":"https:\/\/michelecrevecoeur.ch\/index.php?rest_route=\/wp\/v2\/pages\/224\/revisions\/507"}],"wp:attachment":[{"href":"https:\/\/michelecrevecoeur.ch\/index.php?rest_route=%2Fwp%2Fv2%2Fmedia&parent=224"}],"curies":[{"name":"wp","href":"https:\/\/api.w.org\/{rel}","templated":true}]}}